{"id":411,"date":"2024-08-29T13:47:37","date_gmt":"2024-08-29T16:47:37","guid":{"rendered":"https:\/\/wedrop.com.br\/blog\/?page_id=411"},"modified":"2024-08-29T14:00:57","modified_gmt":"2024-08-29T17:00:57","slug":"black-friday-obg","status":"publish","type":"page","link":"https:\/\/wedrop.com.br\/blog\/black-friday-obg\/","title":{"rendered":"LUCRANDO NA BLACK FRIDAY &#8211; obg"},"content":{"rendered":"\t\t<div data-elementor-type=\"wp-page\" data-elementor-id=\"411\" class=\"elementor elementor-411\" data-elementor-post-type=\"page\">\n\t\t\t\t<div class=\"elementor-element elementor-element-d2ff45e e-flex e-con-boxed e-con e-parent\" data-id=\"d2ff45e\" data-element_type=\"container\" data-settings=\"{&quot;background_background&quot;:&quot;classic&quot;,&quot;_ha_eqh_enable&quot;:false}\">\n\t\t\t\t\t<div class=\"e-con-inner\">\n\t\t<div class=\"elementor-element elementor-element-4da89f8 e-con-full e-flex e-con e-child\" data-id=\"4da89f8\" data-element_type=\"container\" data-settings=\"{&quot;_ha_eqh_enable&quot;:false}\">\n\t\t\t\t<div class=\"elementor-element elementor-element-c4ee2b9 elementor-widget-mobile__width-initial elementor-widget elementor-widget-image\" data-id=\"c4ee2b9\" data-element_type=\"widget\" data-widget_type=\"image.default\">\n\t\t\t\t<div class=\"elementor-widget-container\">\n\t\t\t\t\t\t\t\t\t\t\t\t\t\t\t<img decoding=\"async\" width=\"201\" height=\"131\" src=\"https:\/\/wedrop.com.br\/blog\/wp-content\/uploads\/sites\/6\/2024\/08\/logo_principal_Prancheta-1-2.webp\" class=\"attachment-large size-large wp-image-357\" alt=\"\" \/>\t\t\t\t\t\t\t\t\t\t\t\t\t\t\t<\/div>\n\t\t\t\t<\/div>\n\t\t\t\t<div class=\"elementor-element elementor-element-16cf5a7 elementor-widget__width-initial elementor-widget elementor-widget-progress\" data-id=\"16cf5a7\" data-element_type=\"widget\" data-widget_type=\"progress.default\">\n\t\t\t\t<div class=\"elementor-widget-container\">\n\t\t\t\t\t\n\t\t<div class=\"elementor-progress-wrapper\" role=\"progressbar\" aria-valuemin=\"0\" aria-valuemax=\"100\" aria-valuenow=\"80\">\n\t\t\t<div class=\"elementor-progress-bar\" data-max=\"80\">\n\t\t\t\t<span class=\"elementor-progress-text\"><\/span>\n\t\t\t\t\t\t\t<\/div>\n\t\t<\/div>\n\t\t\t\t\t\t<\/div>\n\t\t\t\t<\/div>\n\t\t\t\t<div class=\"elementor-element elementor-element-968634c elementor-widget__width-initial elementor-widget elementor-widget-text-editor\" data-id=\"968634c\" data-element_type=\"widget\" data-widget_type=\"text-editor.default\">\n\t\t\t\t<div class=\"elementor-widget-container\">\n\t\t\t\t\t\t\t\t\t<p>A SUA INSCRI\u00c7\u00c3O EST\u00c1 <strong><span style=\"color: #ffff00\">QUASE CONCLU\u00cdDA!<\/span><\/strong><\/p>\t\t\t\t\t\t\t\t<\/div>\n\t\t\t\t<\/div>\n\t\t\t\t<div class=\"elementor-element elementor-element-f686254 elementor-widget__width-initial elementor-widget-mobile__width-inherit elementor-widget elementor-widget-text-editor\" data-id=\"f686254\" data-element_type=\"widget\" data-widget_type=\"text-editor.default\">\n\t\t\t\t<div class=\"elementor-widget-container\">\n\t\t\t\t\t\t\t\t\t<p>Falta s\u00f3 voc\u00ea entrar para o <strong>Grupo VIP do Whatsapp<\/strong>, onde enviarei os materiais de apoio, informa\u00e7\u00f5es importantes e o link para assistir ao evento.<\/p>\t\t\t\t\t\t\t\t<\/div>\n\t\t\t\t<\/div>\n\t\t\t\t<div class=\"elementor-element elementor-element-624ba0e elementor-mobile-align-center elementor-widget elementor-widget-button\" data-id=\"624ba0e\" data-element_type=\"widget\" data-widget_type=\"button.default\">\n\t\t\t\t<div class=\"elementor-widget-container\">\n\t\t\t\t\t\t\t\t\t<div class=\"elementor-button-wrapper\">\n\t\t\t\t\t<a class=\"elementor-button elementor-button-link elementor-size-sm\" href=\"#\">\n\t\t\t\t\t\t<span class=\"elementor-button-content-wrapper\">\n\t\t\t\t\t\t<span class=\"elementor-button-icon\">\n\t\t\t\t<svg xmlns=\"http:\/\/www.w3.org\/2000\/svg\" width=\"14\" height=\"12\" viewBox=\"0 0 14 12\" fill=\"none\"><path d=\"M1.9 12L0.5 10.7077L10.1 1.84615H1.5V0H13.5V11.0769H11.5V3.13846L1.9 12Z\" fill=\"black\"><\/path><\/svg>\t\t\t<\/span>\n\t\t\t\t\t\t\t\t\t<span class=\"elementor-button-text\">Entrar para o Grupo Exclusivo do WhatsApp<\/span>\n\t\t\t\t\t<\/span>\n\t\t\t\t\t<\/a>\n\t\t\t\t<\/div>\n\t\t\t\t\t\t\t\t<\/div>\n\t\t\t\t<\/div>\n\t\t\t\t<div class=\"elementor-element elementor-element-ea1cf79 elementor-widget__width-initial elementor-widget-mobile__width-inherit elementor-widget elementor-widget-text-editor\" data-id=\"ea1cf79\" data-element_type=\"widget\" data-widget_type=\"text-editor.default\">\n\t\t\t\t<div class=\"elementor-widget-container\">\n\t\t\t\t\t\t\t\t\t<p>*N\u00e3o se preocupe, voc\u00ea N\u00c3O receber\u00e1 nenhuma mensagem desnecess\u00e1ria. Eu odeio spam tanto quanto voc\u00ea.<\/p>\t\t\t\t\t\t\t\t<\/div>\n\t\t\t\t<\/div>\n\t\t\t\t<\/div>\n\t\t\t\t\t<\/div>\n\t\t\t\t<\/div>\n\t\t\t\t<\/div>\n\t\t","protected":false},"excerpt":{"rendered":"<p>A SUA INSCRI\u00c7\u00c3O EST\u00c1 QUASE CONCLU\u00cdDA! Falta s\u00f3 voc\u00ea entrar para o Grupo VIP do Whatsapp, onde enviarei os materiais de apoio, informa\u00e7\u00f5es importantes e o link para assistir ao evento. Entrar para o Grupo Exclusivo do WhatsApp *N\u00e3o se preocupe, voc\u00ea N\u00c3O receber\u00e1 nenhuma mensagem desnecess\u00e1ria. Eu odeio spam tanto quanto voc\u00ea.<\/p>\n","protected":false},"author":7,"featured_media":0,"parent":0,"menu_order":0,"comment_status":"closed","ping_status":"closed","template":"elementor_canvas","meta":{"footnotes":""},"class_list":["post-411","page","type-page","status-publish","hentry"],"yoast_head":"<!-- This site is optimized with the Yoast SEO plugin v24.0 - https:\/\/yoast.com\/wordpress\/plugins\/seo\/ -->\n<title>LUCRANDO NA BLACK FRIDAY - obg - WeDrop Blog<\/title>\n<meta name=\"robots\" content=\"index, follow, max-snippet:-1, max-image-preview:large, max-video-preview:-1\" \/>\n<link rel=\"canonical\" href=\"https:\/\/wedrop.com.br\/blog\/black-friday-obg\/\" \/>\n<meta property=\"og:locale\" content=\"pt_BR\" \/>\n<meta property=\"og:type\" content=\"article\" \/>\n<meta property=\"og:title\" content=\"LUCRANDO NA BLACK FRIDAY - obg - WeDrop Blog\" \/>\n<meta property=\"og:description\" content=\"A SUA INSCRI\u00c7\u00c3O EST\u00c1 QUASE CONCLU\u00cdDA! Falta s\u00f3 voc\u00ea entrar para o Grupo VIP do Whatsapp, onde enviarei os materiais de apoio, informa\u00e7\u00f5es importantes e o link para assistir ao evento. Entrar para o Grupo Exclusivo do WhatsApp *N\u00e3o se preocupe, voc\u00ea N\u00c3O receber\u00e1 nenhuma mensagem desnecess\u00e1ria. Eu odeio spam tanto quanto voc\u00ea.\" \/>\n<meta property=\"og:url\" content=\"https:\/\/wedrop.com.br\/blog\/black-friday-obg\/\" \/>\n<meta property=\"og:site_name\" content=\"WeDrop Blog\" \/>\n<meta property=\"article:modified_time\" content=\"2024-08-29T17:00:57+00:00\" \/>\n<meta property=\"og:image\" content=\"https:\/\/wedrop.com.br\/blog\/wp-content\/uploads\/sites\/6\/2024\/08\/logo_principal_Prancheta-1-2.webp\" \/>\n<meta name=\"twitter:card\" content=\"summary_large_image\" \/>\n<meta name=\"twitter:label1\" content=\"Est. tempo de leitura\" \/>\n\t<meta name=\"twitter:data1\" content=\"1 minuto\" \/>\n<script type=\"application\/ld+json\" class=\"yoast-schema-graph\">{\"@context\":\"https:\/\/schema.org\",\"@graph\":[{\"@type\":\"WebPage\",\"@id\":\"https:\/\/wedrop.com.br\/blog\/black-friday-obg\/\",\"url\":\"https:\/\/wedrop.com.br\/blog\/black-friday-obg\/\",\"name\":\"LUCRANDO NA BLACK FRIDAY - obg - WeDrop Blog\",\"isPartOf\":{\"@id\":\"https:\/\/wedrop.com.br\/blog\/#website\"},\"primaryImageOfPage\":{\"@id\":\"https:\/\/wedrop.com.br\/blog\/black-friday-obg\/#primaryimage\"},\"image\":{\"@id\":\"https:\/\/wedrop.com.br\/blog\/black-friday-obg\/#primaryimage\"},\"thumbnailUrl\":\"https:\/\/wedrop.com.br\/blog\/wp-content\/uploads\/sites\/6\/2024\/08\/logo_principal_Prancheta-1-2.webp\",\"datePublished\":\"2024-08-29T16:47:37+00:00\",\"dateModified\":\"2024-08-29T17:00:57+00:00\",\"breadcrumb\":{\"@id\":\"https:\/\/wedrop.com.br\/blog\/black-friday-obg\/#breadcrumb\"},\"inLanguage\":\"pt-BR\",\"potentialAction\":[{\"@type\":\"ReadAction\",\"target\":[\"https:\/\/wedrop.com.br\/blog\/black-friday-obg\/\"]}]},{\"@type\":\"ImageObject\",\"inLanguage\":\"pt-BR\",\"@id\":\"https:\/\/wedrop.com.br\/blog\/black-friday-obg\/#primaryimage\",\"url\":\"https:\/\/wedrop.com.br\/blog\/wp-content\/uploads\/sites\/6\/2024\/08\/logo_principal_Prancheta-1-2.webp\",\"contentUrl\":\"https:\/\/wedrop.com.br\/blog\/wp-content\/uploads\/sites\/6\/2024\/08\/logo_principal_Prancheta-1-2.webp\",\"width\":201,\"height\":131},{\"@type\":\"BreadcrumbList\",\"@id\":\"https:\/\/wedrop.com.br\/blog\/black-friday-obg\/#breadcrumb\",\"itemListElement\":[{\"@type\":\"ListItem\",\"position\":1,\"name\":\"In\u00edcio\",\"item\":\"https:\/\/wedrop.com.br\/blog\/\"},{\"@type\":\"ListItem\",\"position\":2,\"name\":\"LUCRANDO NA BLACK FRIDAY &#8211; obg\"}]},{\"@type\":\"WebSite\",\"@id\":\"https:\/\/wedrop.com.br\/blog\/#website\",\"url\":\"https:\/\/wedrop.com.br\/blog\/\",\"name\":\"WeDrop Blog\",\"description\":\"\",\"potentialAction\":[{\"@type\":\"SearchAction\",\"target\":{\"@type\":\"EntryPoint\",\"urlTemplate\":\"https:\/\/wedrop.com.br\/blog\/?s={search_term_string}\"},\"query-input\":{\"@type\":\"PropertyValueSpecification\",\"valueRequired\":true,\"valueName\":\"search_term_string\"}}],\"inLanguage\":\"pt-BR\"}]}<\/script>\n<!-- \/ Yoast SEO plugin. -->","yoast_head_json":{"title":"LUCRANDO NA BLACK FRIDAY - obg - WeDrop Blog","robots":{"index":"index","follow":"follow","max-snippet":"max-snippet:-1","max-image-preview":"max-image-preview:large","max-video-preview":"max-video-preview:-1"},"canonical":"https:\/\/wedrop.com.br\/blog\/black-friday-obg\/","og_locale":"pt_BR","og_type":"article","og_title":"LUCRANDO NA BLACK FRIDAY - obg - WeDrop Blog","og_description":"A SUA INSCRI\u00c7\u00c3O EST\u00c1 QUASE CONCLU\u00cdDA! Falta s\u00f3 voc\u00ea entrar para o Grupo VIP do Whatsapp, onde enviarei os materiais de apoio, informa\u00e7\u00f5es importantes e o link para assistir ao evento. Entrar para o Grupo Exclusivo do WhatsApp *N\u00e3o se preocupe, voc\u00ea N\u00c3O receber\u00e1 nenhuma mensagem desnecess\u00e1ria. Eu odeio spam tanto quanto voc\u00ea.","og_url":"https:\/\/wedrop.com.br\/blog\/black-friday-obg\/","og_site_name":"WeDrop Blog","article_modified_time":"2024-08-29T17:00:57+00:00","og_image":[{"url":"https:\/\/wedrop.com.br\/blog\/wp-content\/uploads\/sites\/6\/2024\/08\/logo_principal_Prancheta-1-2.webp","type":"","width":"","height":""}],"twitter_card":"summary_large_image","twitter_misc":{"Est. tempo de leitura":"1 minuto"},"schema":{"@context":"https:\/\/schema.org","@graph":[{"@type":"WebPage","@id":"https:\/\/wedrop.com.br\/blog\/black-friday-obg\/","url":"https:\/\/wedrop.com.br\/blog\/black-friday-obg\/","name":"LUCRANDO NA BLACK FRIDAY - obg - WeDrop Blog","isPartOf":{"@id":"https:\/\/wedrop.com.br\/blog\/#website"},"primaryImageOfPage":{"@id":"https:\/\/wedrop.com.br\/blog\/black-friday-obg\/#primaryimage"},"image":{"@id":"https:\/\/wedrop.com.br\/blog\/black-friday-obg\/#primaryimage"},"thumbnailUrl":"https:\/\/wedrop.com.br\/blog\/wp-content\/uploads\/sites\/6\/2024\/08\/logo_principal_Prancheta-1-2.webp","datePublished":"2024-08-29T16:47:37+00:00","dateModified":"2024-08-29T17:00:57+00:00","breadcrumb":{"@id":"https:\/\/wedrop.com.br\/blog\/black-friday-obg\/#breadcrumb"},"inLanguage":"pt-BR","potentialAction":[{"@type":"ReadAction","target":["https:\/\/wedrop.com.br\/blog\/black-friday-obg\/"]}]},{"@type":"ImageObject","inLanguage":"pt-BR","@id":"https:\/\/wedrop.com.br\/blog\/black-friday-obg\/#primaryimage","url":"https:\/\/wedrop.com.br\/blog\/wp-content\/uploads\/sites\/6\/2024\/08\/logo_principal_Prancheta-1-2.webp","contentUrl":"https:\/\/wedrop.com.br\/blog\/wp-content\/uploads\/sites\/6\/2024\/08\/logo_principal_Prancheta-1-2.webp","width":201,"height":131},{"@type":"BreadcrumbList","@id":"https:\/\/wedrop.com.br\/blog\/black-friday-obg\/#breadcrumb","itemListElement":[{"@type":"ListItem","position":1,"name":"In\u00edcio","item":"https:\/\/wedrop.com.br\/blog\/"},{"@type":"ListItem","position":2,"name":"LUCRANDO NA BLACK FRIDAY &#8211; obg"}]},{"@type":"WebSite","@id":"https:\/\/wedrop.com.br\/blog\/#website","url":"https:\/\/wedrop.com.br\/blog\/","name":"WeDrop Blog","description":"","potentialAction":[{"@type":"SearchAction","target":{"@type":"EntryPoint","urlTemplate":"https:\/\/wedrop.com.br\/blog\/?s={search_term_string}"},"query-input":{"@type":"PropertyValueSpecification","valueRequired":true,"valueName":"search_term_string"}}],"inLanguage":"pt-BR"}]}},"_links":{"self":[{"href":"https:\/\/wedrop.com.br\/blog\/wp-json\/wp\/v2\/pages\/411","targetHints":{"allow":["GET"]}}],"collection":[{"href":"https:\/\/wedrop.com.br\/blog\/wp-json\/wp\/v2\/pages"}],"about":[{"href":"https:\/\/wedrop.com.br\/blog\/wp-json\/wp\/v2\/types\/page"}],"author":[{"embeddable":true,"href":"https:\/\/wedrop.com.br\/blog\/wp-json\/wp\/v2\/users\/7"}],"replies":[{"embeddable":true,"href":"https:\/\/wedrop.com.br\/blog\/wp-json\/wp\/v2\/comments?post=411"}],"version-history":[{"count":13,"href":"https:\/\/wedrop.com.br\/blog\/wp-json\/wp\/v2\/pages\/411\/revisions"}],"predecessor-version":[{"id":425,"href":"https:\/\/wedrop.com.br\/blog\/wp-json\/wp\/v2\/pages\/411\/revisions\/425"}],"wp:attachment":[{"href":"https:\/\/wedrop.com.br\/blog\/wp-json\/wp\/v2\/media?parent=411"}],"curies":[{"name":"wp","href":"https:\/\/api.w.org\/{rel}","templated":true}]}}