{"id":405,"date":"2024-08-29T13:24:01","date_gmt":"2024-08-29T16:24:01","guid":{"rendered":"https:\/\/wedrop.com.br\/blog\/?page_id=405"},"modified":"2024-08-29T13:32:10","modified_gmt":"2024-08-29T16:32:10","slug":"black-friday-curta-b","status":"publish","type":"page","link":"https:\/\/wedrop.com.br\/blog\/black-friday-curta-b\/","title":{"rendered":"LUCRANDO NA BLACK FRIDAY &#8211; cap B curta"},"content":{"rendered":"\t\t<div data-elementor-type=\"wp-page\" data-elementor-id=\"405\" class=\"elementor elementor-405\" data-elementor-post-type=\"page\">\n\t\t\t\t<div class=\"elementor-element elementor-element-26936fa e-flex e-con-boxed e-con e-parent\" data-id=\"26936fa\" data-element_type=\"container\" data-settings=\"{&quot;background_background&quot;:&quot;classic&quot;,&quot;_ha_eqh_enable&quot;:false}\">\n\t\t\t\t\t<div class=\"e-con-inner\">\n\t\t<div class=\"elementor-element elementor-element-bc9590b e-con-full e-flex e-con e-child\" data-id=\"bc9590b\" data-element_type=\"container\" data-settings=\"{&quot;_ha_eqh_enable&quot;:false}\">\n\t\t\t\t<div class=\"elementor-element elementor-element-18599bf elementor-widget-mobile__width-initial elementor-widget elementor-widget-image\" data-id=\"18599bf\" data-element_type=\"widget\" data-widget_type=\"image.default\">\n\t\t\t\t<div class=\"elementor-widget-container\">\n\t\t\t\t\t\t\t\t\t\t\t\t\t\t\t<img decoding=\"async\" width=\"201\" height=\"131\" src=\"https:\/\/wedrop.com.br\/blog\/wp-content\/uploads\/sites\/6\/2024\/08\/logo_principal_Prancheta-1-2.webp\" class=\"attachment-large size-large wp-image-357\" alt=\"\" \/>\t\t\t\t\t\t\t\t\t\t\t\t\t\t\t<\/div>\n\t\t\t\t<\/div>\n\t\t\t\t<div class=\"elementor-element elementor-element-0875e17 elementor-widget__width-initial elementor-widget elementor-widget-text-editor\" data-id=\"0875e17\" data-element_type=\"widget\" data-widget_type=\"text-editor.default\">\n\t\t\t\t<div class=\"elementor-widget-container\">\n\t\t\t\t\t\t\t\t\t<p><span style=\"color: #ffff00\"><strong><b>Black Friday sem Estoque:<\/b><\/strong><\/span><br \/>O Plano de A\u00e7\u00e3o para impulsionar suas Vendas Online<\/p>\t\t\t\t\t\t\t\t<\/div>\n\t\t\t\t<\/div>\n\t\t\t\t<div class=\"elementor-element elementor-element-e850f83 elementor-widget__width-initial elementor-widget-mobile__width-inherit elementor-widget elementor-widget-text-editor\" data-id=\"e850f83\" data-element_type=\"widget\" data-widget_type=\"text-editor.default\">\n\t\t\t\t<div class=\"elementor-widget-container\">\n\t\t\t\t\t\t\t\t\t<p>Estrat\u00e9gias validadas para se preparar e aproveitar a melhor data de vendas do ano, mesmo se voc\u00ea ainda n\u00e3o vende online<\/p>\t\t\t\t\t\t\t\t<\/div>\n\t\t\t\t<\/div>\n\t\t\t\t<div class=\"elementor-element elementor-element-8415df9 elementor-button-align-stretch elementor-widget elementor-widget-form\" data-id=\"8415df9\" data-element_type=\"widget\" data-settings=\"{&quot;step_next_label&quot;:&quot;Pr\\u00f3ximo&quot;,&quot;step_previous_label&quot;:&quot;Anterior&quot;,&quot;button_width&quot;:&quot;100&quot;,&quot;step_type&quot;:&quot;number_text&quot;,&quot;step_icon_shape&quot;:&quot;circle&quot;}\" data-widget_type=\"form.default\">\n\t\t\t\t<div class=\"elementor-widget-container\">\n\t\t\t\t\t\t\t<form class=\"elementor-form\" method=\"post\" name=\"Novo formul\u00e1rio\">\n\t\t\t<input type=\"hidden\" name=\"post_id\" value=\"405\"\/>\n\t\t\t<input type=\"hidden\" name=\"form_id\" value=\"8415df9\"\/>\n\t\t\t<input type=\"hidden\" name=\"referer_title\" value=\"LUCRANDO NA BLACK FRIDAY - cap B curta - WeDrop Blog\" \/>\n\n\t\t\t\t\t\t\t<input type=\"hidden\" name=\"queried_id\" value=\"405\"\/>\n\t\t\t\n\t\t\t<div class=\"elementor-form-fields-wrapper elementor-labels-\">\n\t\t\t\t\t\t\t\t<div class=\"elementor-field-type-text elementor-field-group elementor-column elementor-field-group-name elementor-col-100 elementor-field-required\">\n\t\t\t\t\t\t\t\t\t\t\t\t<label for=\"form-field-name\" class=\"elementor-field-label elementor-screen-only\">\n\t\t\t\t\t\t\t\tSeu primeiro nome\t\t\t\t\t\t\t<\/label>\n\t\t\t\t\t\t\t\t\t\t\t\t\t\t<input size=\"1\" type=\"text\" name=\"form_fields[name]\" id=\"form-field-name\" class=\"elementor-field elementor-size-sm  elementor-field-textual\" placeholder=\"Seu primeiro nome\" required=\"required\" aria-required=\"true\">\n\t\t\t\t\t\t\t\t\t\t\t<\/div>\n\t\t\t\t\t\t\t\t<div class=\"elementor-field-type-email elementor-field-group elementor-column elementor-field-group-email elementor-col-100 elementor-field-required\">\n\t\t\t\t\t\t\t\t\t\t\t\t<label for=\"form-field-email\" class=\"elementor-field-label elementor-screen-only\">\n\t\t\t\t\t\t\t\tDigite seu melhor e-mail\t\t\t\t\t\t\t<\/label>\n\t\t\t\t\t\t\t\t\t\t\t\t\t\t<input size=\"1\" type=\"email\" name=\"form_fields[email]\" id=\"form-field-email\" class=\"elementor-field elementor-size-sm  elementor-field-textual\" placeholder=\"Digite seu melhor e-mail\" required=\"required\" aria-required=\"true\">\n\t\t\t\t\t\t\t\t\t\t\t<\/div>\n\t\t\t\t\t\t\t\t<div class=\"elementor-field-group elementor-column elementor-field-type-submit elementor-col-100 e-form__buttons\">\n\t\t\t\t\t<button class=\"elementor-button elementor-size-sm\" type=\"submit\">\n\t\t\t\t\t\t<span class=\"elementor-button-content-wrapper\">\n\t\t\t\t\t\t\t\t\t\t\t\t\t\t\t<span class=\"elementor-button-icon\">\n\t\t\t\t\t\t\t\t\t<svg xmlns=\"http:\/\/www.w3.org\/2000\/svg\" width=\"14\" height=\"12\" viewBox=\"0 0 14 12\" fill=\"none\"><path d=\"M1.9 12L0.5 10.7077L10.1 1.84615H1.5V0H13.5V11.0769H11.5V3.13846L1.9 12Z\" fill=\"black\"><\/path><\/svg>\t\t\t\t\t\t\t\t\t\t\t\t\t\t\t\t\t<\/span>\n\t\t\t\t\t\t\t\t\t\t\t\t\t\t\t\t\t\t\t\t\t\t<span class=\"elementor-button-text\">GARANTIR MINHA VAGA<\/span>\n\t\t\t\t\t\t\t\t\t\t\t\t\t<\/span>\n\t\t\t\t\t<\/button>\n\t\t\t\t<\/div>\n\t\t\t<\/div>\n\t\t<\/form>\n\t\t\t\t\t\t<\/div>\n\t\t\t\t<\/div>\n\t\t\t\t<\/div>\n\t\t\t\t<div class=\"elementor-element elementor-element-e4c72bd elementor-widget-mobile__width-initial elementor-hidden-desktop elementor-widget elementor-widget-image\" data-id=\"e4c72bd\" data-element_type=\"widget\" data-widget_type=\"image.default\">\n\t\t\t\t<div class=\"elementor-widget-container\">\n\t\t\t\t\t\t\t\t\t\t\t\t\t\t\t<img fetchpriority=\"high\" decoding=\"async\" width=\"408\" height=\"362\" src=\"https:\/\/wedrop.com.br\/blog\/wp-content\/uploads\/sites\/6\/2024\/08\/PG-HERO-BLACK-FRIDAY-1.webp\" class=\"attachment-large size-large wp-image-376\" alt=\"\" srcset=\"https:\/\/wedrop.com.br\/blog\/wp-content\/uploads\/sites\/6\/2024\/08\/PG-HERO-BLACK-FRIDAY-1.webp 408w, https:\/\/wedrop.com.br\/blog\/wp-content\/uploads\/sites\/6\/2024\/08\/PG-HERO-BLACK-FRIDAY-1-300x266.webp 300w\" sizes=\"(max-width: 408px) 100vw, 408px\" \/>\t\t\t\t\t\t\t\t\t\t\t\t\t\t\t<\/div>\n\t\t\t\t<\/div>\n\t\t\t\t\t<\/div>\n\t\t\t\t<\/div>\n\t\t\t\t<\/div>\n\t\t","protected":false},"excerpt":{"rendered":"<p>Black Friday sem Estoque:O Plano de A\u00e7\u00e3o para impulsionar suas Vendas Online Estrat\u00e9gias validadas para se preparar e aproveitar a melhor data de vendas do ano, mesmo se voc\u00ea ainda n\u00e3o vende online<\/p>\n","protected":false},"author":7,"featured_media":0,"parent":0,"menu_order":0,"comment_status":"closed","ping_status":"closed","template":"elementor_canvas","meta":{"footnotes":""},"class_list":["post-405","page","type-page","status-publish","hentry"],"yoast_head":"<!-- This site is optimized with the Yoast SEO plugin v24.0 - https:\/\/yoast.com\/wordpress\/plugins\/seo\/ -->\n<title>LUCRANDO NA BLACK FRIDAY - cap B curta - WeDrop Blog<\/title>\n<meta name=\"robots\" content=\"index, follow, max-snippet:-1, max-image-preview:large, max-video-preview:-1\" \/>\n<link rel=\"canonical\" href=\"https:\/\/wedrop.com.br\/blog\/black-friday-curta-b\/\" \/>\n<meta property=\"og:locale\" content=\"pt_BR\" \/>\n<meta property=\"og:type\" content=\"article\" \/>\n<meta property=\"og:title\" content=\"LUCRANDO NA BLACK FRIDAY - cap B curta - WeDrop Blog\" \/>\n<meta property=\"og:description\" content=\"Black Friday sem Estoque:O Plano de A\u00e7\u00e3o para impulsionar suas Vendas Online Estrat\u00e9gias validadas para se preparar e aproveitar a melhor data de vendas do ano, mesmo se voc\u00ea ainda n\u00e3o vende online\" \/>\n<meta property=\"og:url\" content=\"https:\/\/wedrop.com.br\/blog\/black-friday-curta-b\/\" \/>\n<meta property=\"og:site_name\" content=\"WeDrop Blog\" \/>\n<meta property=\"article:modified_time\" content=\"2024-08-29T16:32:10+00:00\" \/>\n<meta property=\"og:image\" content=\"https:\/\/wedrop.com.br\/blog\/wp-content\/uploads\/sites\/6\/2024\/08\/logo_principal_Prancheta-1-2.webp\" \/>\n<meta name=\"twitter:card\" content=\"summary_large_image\" \/>\n<meta name=\"twitter:label1\" content=\"Est. tempo de leitura\" \/>\n\t<meta name=\"twitter:data1\" content=\"1 minuto\" \/>\n<script type=\"application\/ld+json\" class=\"yoast-schema-graph\">{\"@context\":\"https:\/\/schema.org\",\"@graph\":[{\"@type\":\"WebPage\",\"@id\":\"https:\/\/wedrop.com.br\/blog\/black-friday-curta-b\/\",\"url\":\"https:\/\/wedrop.com.br\/blog\/black-friday-curta-b\/\",\"name\":\"LUCRANDO NA BLACK FRIDAY - cap B curta - WeDrop Blog\",\"isPartOf\":{\"@id\":\"https:\/\/wedrop.com.br\/blog\/#website\"},\"primaryImageOfPage\":{\"@id\":\"https:\/\/wedrop.com.br\/blog\/black-friday-curta-b\/#primaryimage\"},\"image\":{\"@id\":\"https:\/\/wedrop.com.br\/blog\/black-friday-curta-b\/#primaryimage\"},\"thumbnailUrl\":\"https:\/\/wedrop.com.br\/blog\/wp-content\/uploads\/sites\/6\/2024\/08\/logo_principal_Prancheta-1-2.webp\",\"datePublished\":\"2024-08-29T16:24:01+00:00\",\"dateModified\":\"2024-08-29T16:32:10+00:00\",\"breadcrumb\":{\"@id\":\"https:\/\/wedrop.com.br\/blog\/black-friday-curta-b\/#breadcrumb\"},\"inLanguage\":\"pt-BR\",\"potentialAction\":[{\"@type\":\"ReadAction\",\"target\":[\"https:\/\/wedrop.com.br\/blog\/black-friday-curta-b\/\"]}]},{\"@type\":\"ImageObject\",\"inLanguage\":\"pt-BR\",\"@id\":\"https:\/\/wedrop.com.br\/blog\/black-friday-curta-b\/#primaryimage\",\"url\":\"https:\/\/wedrop.com.br\/blog\/wp-content\/uploads\/sites\/6\/2024\/08\/logo_principal_Prancheta-1-2.webp\",\"contentUrl\":\"https:\/\/wedrop.com.br\/blog\/wp-content\/uploads\/sites\/6\/2024\/08\/logo_principal_Prancheta-1-2.webp\",\"width\":201,\"height\":131},{\"@type\":\"BreadcrumbList\",\"@id\":\"https:\/\/wedrop.com.br\/blog\/black-friday-curta-b\/#breadcrumb\",\"itemListElement\":[{\"@type\":\"ListItem\",\"position\":1,\"name\":\"In\u00edcio\",\"item\":\"https:\/\/wedrop.com.br\/blog\/\"},{\"@type\":\"ListItem\",\"position\":2,\"name\":\"LUCRANDO NA BLACK FRIDAY &#8211; cap B curta\"}]},{\"@type\":\"WebSite\",\"@id\":\"https:\/\/wedrop.com.br\/blog\/#website\",\"url\":\"https:\/\/wedrop.com.br\/blog\/\",\"name\":\"WeDrop Blog\",\"description\":\"\",\"potentialAction\":[{\"@type\":\"SearchAction\",\"target\":{\"@type\":\"EntryPoint\",\"urlTemplate\":\"https:\/\/wedrop.com.br\/blog\/?s={search_term_string}\"},\"query-input\":{\"@type\":\"PropertyValueSpecification\",\"valueRequired\":true,\"valueName\":\"search_term_string\"}}],\"inLanguage\":\"pt-BR\"}]}<\/script>\n<!-- \/ Yoast SEO plugin. -->","yoast_head_json":{"title":"LUCRANDO NA BLACK FRIDAY - cap B curta - WeDrop Blog","robots":{"index":"index","follow":"follow","max-snippet":"max-snippet:-1","max-image-preview":"max-image-preview:large","max-video-preview":"max-video-preview:-1"},"canonical":"https:\/\/wedrop.com.br\/blog\/black-friday-curta-b\/","og_locale":"pt_BR","og_type":"article","og_title":"LUCRANDO NA BLACK FRIDAY - cap B curta - WeDrop Blog","og_description":"Black Friday sem Estoque:O Plano de A\u00e7\u00e3o para impulsionar suas Vendas Online Estrat\u00e9gias validadas para se preparar e aproveitar a melhor data de vendas do ano, mesmo se voc\u00ea ainda n\u00e3o vende online","og_url":"https:\/\/wedrop.com.br\/blog\/black-friday-curta-b\/","og_site_name":"WeDrop Blog","article_modified_time":"2024-08-29T16:32:10+00:00","og_image":[{"url":"https:\/\/wedrop.com.br\/blog\/wp-content\/uploads\/sites\/6\/2024\/08\/logo_principal_Prancheta-1-2.webp","type":"","width":"","height":""}],"twitter_card":"summary_large_image","twitter_misc":{"Est. tempo de leitura":"1 minuto"},"schema":{"@context":"https:\/\/schema.org","@graph":[{"@type":"WebPage","@id":"https:\/\/wedrop.com.br\/blog\/black-friday-curta-b\/","url":"https:\/\/wedrop.com.br\/blog\/black-friday-curta-b\/","name":"LUCRANDO NA BLACK FRIDAY - cap B curta - WeDrop Blog","isPartOf":{"@id":"https:\/\/wedrop.com.br\/blog\/#website"},"primaryImageOfPage":{"@id":"https:\/\/wedrop.com.br\/blog\/black-friday-curta-b\/#primaryimage"},"image":{"@id":"https:\/\/wedrop.com.br\/blog\/black-friday-curta-b\/#primaryimage"},"thumbnailUrl":"https:\/\/wedrop.com.br\/blog\/wp-content\/uploads\/sites\/6\/2024\/08\/logo_principal_Prancheta-1-2.webp","datePublished":"2024-08-29T16:24:01+00:00","dateModified":"2024-08-29T16:32:10+00:00","breadcrumb":{"@id":"https:\/\/wedrop.com.br\/blog\/black-friday-curta-b\/#breadcrumb"},"inLanguage":"pt-BR","potentialAction":[{"@type":"ReadAction","target":["https:\/\/wedrop.com.br\/blog\/black-friday-curta-b\/"]}]},{"@type":"ImageObject","inLanguage":"pt-BR","@id":"https:\/\/wedrop.com.br\/blog\/black-friday-curta-b\/#primaryimage","url":"https:\/\/wedrop.com.br\/blog\/wp-content\/uploads\/sites\/6\/2024\/08\/logo_principal_Prancheta-1-2.webp","contentUrl":"https:\/\/wedrop.com.br\/blog\/wp-content\/uploads\/sites\/6\/2024\/08\/logo_principal_Prancheta-1-2.webp","width":201,"height":131},{"@type":"BreadcrumbList","@id":"https:\/\/wedrop.com.br\/blog\/black-friday-curta-b\/#breadcrumb","itemListElement":[{"@type":"ListItem","position":1,"name":"In\u00edcio","item":"https:\/\/wedrop.com.br\/blog\/"},{"@type":"ListItem","position":2,"name":"LUCRANDO NA BLACK FRIDAY &#8211; cap B curta"}]},{"@type":"WebSite","@id":"https:\/\/wedrop.com.br\/blog\/#website","url":"https:\/\/wedrop.com.br\/blog\/","name":"WeDrop Blog","description":"","potentialAction":[{"@type":"SearchAction","target":{"@type":"EntryPoint","urlTemplate":"https:\/\/wedrop.com.br\/blog\/?s={search_term_string}"},"query-input":{"@type":"PropertyValueSpecification","valueRequired":true,"valueName":"search_term_string"}}],"inLanguage":"pt-BR"}]}},"_links":{"self":[{"href":"https:\/\/wedrop.com.br\/blog\/wp-json\/wp\/v2\/pages\/405","targetHints":{"allow":["GET"]}}],"collection":[{"href":"https:\/\/wedrop.com.br\/blog\/wp-json\/wp\/v2\/pages"}],"about":[{"href":"https:\/\/wedrop.com.br\/blog\/wp-json\/wp\/v2\/types\/page"}],"author":[{"embeddable":true,"href":"https:\/\/wedrop.com.br\/blog\/wp-json\/wp\/v2\/users\/7"}],"replies":[{"embeddable":true,"href":"https:\/\/wedrop.com.br\/blog\/wp-json\/wp\/v2\/comments?post=405"}],"version-history":[{"count":4,"href":"https:\/\/wedrop.com.br\/blog\/wp-json\/wp\/v2\/pages\/405\/revisions"}],"predecessor-version":[{"id":410,"href":"https:\/\/wedrop.com.br\/blog\/wp-json\/wp\/v2\/pages\/405\/revisions\/410"}],"wp:attachment":[{"href":"https:\/\/wedrop.com.br\/blog\/wp-json\/wp\/v2\/media?parent=405"}],"curies":[{"name":"wp","href":"https:\/\/api.w.org\/{rel}","templated":true}]}}